{"id":2,"date":"2025-11-08T18:33:00","date_gmt":"2025-11-08T18:33:00","guid":{"rendered":"https:\/\/maktubinternacional.com\/?page_id=2"},"modified":"2025-11-09T01:02:05","modified_gmt":"2025-11-09T01:02:05","slug":"sample-page","status":"publish","type":"page","link":"https:\/\/maktubinternacional.com\/ar\/sample-page\/","title":{"rendered":"Morocco"},"content":{"rendered":"\n<p><strong>Inversi\u00f3n Inmobiliaria en Marruecos: Una Oportunidad Real y Rentable<\/strong><\/p>\n\n\n\n<figure class=\"wp-block-image alignleft size-large is-resized\"><img fetchpriority=\"high\" decoding=\"async\" width=\"574\" height=\"1024\" src=\"https:\/\/maktubinternacional.com\/wp-content\/uploads\/2025\/11\/Modern-Moroccan-Riad-574x1024.jpg\" alt=\"\" class=\"wp-image-129\" style=\"width:320px\" srcset=\"https:\/\/maktubinternacional.com\/wp-content\/uploads\/2025\/11\/Modern-Moroccan-Riad-574x1024.jpg 574w, https:\/\/maktubinternacional.com\/wp-content\/uploads\/2025\/11\/Modern-Moroccan-Riad-168x300.jpg 168w, https:\/\/maktubinternacional.com\/wp-content\/uploads\/2025\/11\/Modern-Moroccan-Riad.jpg 736w\" sizes=\"(max-width: 574px) 100vw, 574px\" \/><\/figure>\n\n\n\n<div class=\"wp-block-group is-nowrap is-layout-flex wp-container-core-group-is-layout-6c531013 wp-block-group-is-layout-flex\">\n<p class=\"has-text-align-left\">Descubre el potencial de invertir en Marruecos, uno de los destinos con mayor crecimiento inmobiliario del norte de \u00c1frica. Las propiedades en zonas tur\u00edsticas y costeras ofrecen precios muy accesibles comparados con los mercados europeos, pero con una&nbsp;<strong>alta rentabilidad<\/strong>&nbsp;gracias al auge del turismo y las plataformas de alquiler vacacional como&nbsp;<strong>Airbnb<\/strong>.<\/p>\n<\/div>\n\n\n\n<p>En nuestra inmobiliaria, te acompa\u00f1amos&nbsp;<strong>de principio a fin<\/strong>:<\/p>\n\n\n\n<div class=\"wp-block-group is-nowrap is-layout-flex wp-container-core-group-is-layout-6c531013 wp-block-group-is-layout-flex\">\n<ul class=\"wp-block-list\">\n<li><strong>Asesoramiento personalizado<\/strong>&nbsp;para encontrar la mejor propiedad seg\u00fan tus objetivos de inversi\u00f3n.<\/li>\n\n\n\n<li><strong>Gesti\u00f3n completa de la compra<\/strong>, incluyendo tr\u00e1mites legales, notar\u00eda y documentaci\u00f3n.<\/li>\n\n\n\n<li><strong>Administraci\u00f3n integral del alquiler vacacional<\/strong>, desde la decoraci\u00f3n y promoci\u00f3n del inmueble hasta la atenci\u00f3n a los hu\u00e9spedes.<\/li>\n<\/ul>\n<\/div>\n\n\n\n<p class=\"has-text-align-left\">            T\u00fa disfrutas de los beneficios, nosotros nos encargamos de todo.<\/p>\n\n\n\n<p class=\"has-text-align-left\">Invertir en Marruecos ya no es solo una posibilidad, sino una&nbsp;<strong>estrategia inteligente y segura<\/strong>&nbsp;para diversificar tu patrimonio y generar ingresos pasivos con respaldo profesional.<\/p>\n","protected":false},"excerpt":{"rendered":"<p>Inversi\u00f3n Inmobiliaria en Marruecos: Una Oportunidad Real y Rentable Descubre el potencial de invertir en Marruecos, uno de los destinos con mayor crecimiento inmobiliario del norte de \u00c1frica. Las propiedades en zonas tur\u00edsticas y costeras ofrecen precios muy accesibles comparados con los mercados europeos, pero con una&nbsp;alta rentabilidad&nbsp;gracias al auge del turismo y las plataformas [&hellip;]<\/p>\n","protected":false},"author":1,"featured_media":0,"parent":0,"menu_order":0,"comment_status":"closed","ping_status":"open","template":"","meta":{"footnotes":""},"class_list":["post-2","page","type-page","status-publish","hentry"],"aioseo_notices":[],"_links":{"self":[{"href":"https:\/\/maktubinternacional.com\/ar\/wp-json\/wp\/v2\/pages\/2","targetHints":{"allow":["GET"]}}],"collection":[{"href":"https:\/\/maktubinternacional.com\/ar\/wp-json\/wp\/v2\/pages"}],"about":[{"href":"https:\/\/maktubinternacional.com\/ar\/wp-json\/wp\/v2\/types\/page"}],"author":[{"embeddable":true,"href":"https:\/\/maktubinternacional.com\/ar\/wp-json\/wp\/v2\/users\/1"}],"replies":[{"embeddable":true,"href":"https:\/\/maktubinternacional.com\/ar\/wp-json\/wp\/v2\/comments?post=2"}],"version-history":[{"count":18,"href":"https:\/\/maktubinternacional.com\/ar\/wp-json\/wp\/v2\/pages\/2\/revisions"}],"predecessor-version":[{"id":153,"href":"https:\/\/maktubinternacional.com\/ar\/wp-json\/wp\/v2\/pages\/2\/revisions\/153"}],"wp:attachment":[{"href":"https:\/\/maktubinternacional.com\/ar\/wp-json\/wp\/v2\/media?parent=2"}],"curies":[{"name":"wp","href":"https:\/\/api.w.org\/{rel}","templated":true}]}}